{"id":387,"date":"2019-09-03T11:07:54","date_gmt":"2019-09-03T09:07:54","guid":{"rendered":"https:\/\/www.mgv-kloppenheim.de\/?page_id=387"},"modified":"2019-09-03T11:20:12","modified_gmt":"2019-09-03T09:20:12","slug":"presse","status":"publish","type":"page","link":"https:\/\/www.mgv-kloppenheim.de\/?page_id=387","title":{"rendered":"Presse"},"content":{"rendered":"<p>Auf dieser Seite finden Sie ausgesuchte Presseartikel.<\/p>\n<p>&nbsp;<\/p>\n<div class=\"vrm-articleDetail__metaTitle column small-12 large-8 large-offset-2 \">\n<div><strong>Wiesbadener Kurier <span class=\"show-for-large\">Dienstag, <\/span> 25.06.2019<\/strong><\/div>\n<div>Von <span class=\"vrm-articleDetail__authorName--bold\">Barbara Yurt\u00f6ven<\/span><\/div>\n<\/div>\n<h1 class=\"column small-12 large-8 large-offset-2 vrm-articleDetail__title h1\">Entspannte Abende bei Kloppenheimer Chortagen<\/h1>\n<p class=\"column small-12 large-8 large-offset-2 vrm-articleDetail__teaser\">Ob in der Kirche oder auf dem Ferrutiusplatz: Die eingeladenen Ch\u00f6re und der MGV Kloppenheim begeisterten das Publikum. Hunger und Durst hatten auch keine Chance.<\/p>\n<p><strong><a href=\"https:\/\/www.mgv-kloppenheim.de\/wp-content\/uploads\/2019\/09\/25.06.2019_Yurtoeven_Chortage-1.pdf\" target=\"_blank\" rel=\"noopener\">Vollst\u00e4ndiger Artikel als PDF-Datei<\/a><\/strong><\/p>\n<div class=\"column small-12 large-8 large-offset-2 vrm-articleDetail__author\">\n<div class=\"vrm-articleDetail__authorLine\">\n<div class=\"vrm-articleDetail__authorInfo\">\n<div class=\"vrm-articleDetail__authorName\"><span class=\"vrm-articleDetail__authorName--bold\">\u00a0<\/span><\/div>\n<\/div>\n<\/div>\n<div><\/div>\n<\/div>\n","protected":false},"excerpt":{"rendered":"<p>Auf dieser Seite finden Sie ausgesuchte Presseartikel. &nbsp; Wiesbadener Kurier Dienstag, 25.06.2019 Von Barbara Yurt\u00f6ven Entspannte Abende bei Kloppenheimer Chortagen Ob in der Kirche oder auf dem Ferrutiusplatz: Die eingeladenen Ch\u00f6re und der MGV Kloppenheim begeisterten das Publikum. Hunger und Durst hatten auch keine Chance. Vollst\u00e4ndiger Artikel als PDF-Datei \u00a0<\/p>\n","protected":false},"author":1,"featured_media":0,"parent":0,"menu_order":0,"comment_status":"closed","ping_status":"closed","template":"","meta":{"footnotes":""},"class_list":["post-387","page","type-page","status-publish","hentry"],"_links":{"self":[{"href":"https:\/\/www.mgv-kloppenheim.de\/index.php?rest_route=\/wp\/v2\/pages\/387","targetHints":{"allow":["GET"]}}],"collection":[{"href":"https:\/\/www.mgv-kloppenheim.de\/index.php?rest_route=\/wp\/v2\/pages"}],"about":[{"href":"https:\/\/www.mgv-kloppenheim.de\/index.php?rest_route=\/wp\/v2\/types\/page"}],"author":[{"embeddable":true,"href":"https:\/\/www.mgv-kloppenheim.de\/index.php?rest_route=\/wp\/v2\/users\/1"}],"replies":[{"embeddable":true,"href":"https:\/\/www.mgv-kloppenheim.de\/index.php?rest_route=%2Fwp%2Fv2%2Fcomments&post=387"}],"version-history":[{"count":6,"href":"https:\/\/www.mgv-kloppenheim.de\/index.php?rest_route=\/wp\/v2\/pages\/387\/revisions"}],"predecessor-version":[{"id":396,"href":"https:\/\/www.mgv-kloppenheim.de\/index.php?rest_route=\/wp\/v2\/pages\/387\/revisions\/396"}],"wp:attachment":[{"href":"https:\/\/www.mgv-kloppenheim.de\/index.php?rest_route=%2Fwp%2Fv2%2Fmedia&parent=387"}],"curies":[{"name":"wp","href":"https:\/\/api.w.org\/{rel}","templated":true}]}}