{"id":66,"date":"2017-02-08T20:48:52","date_gmt":"2017-02-08T19:48:52","guid":{"rendered":"http:\/\/test.mgv-kloppenheim.de\/?page_id=66"},"modified":"2025-06-11T23:19:09","modified_gmt":"2025-06-11T21:19:09","slug":"vorstand","status":"publish","type":"page","link":"https:\/\/www.mgv-kloppenheim.de\/?page_id=66","title":{"rendered":"Vorstand"},"content":{"rendered":"<h1><strong>Gesch\u00e4ftsf\u00fchrender und erweiterter Vorstand<br \/>\n<\/strong><\/h1>\n<p>Harald Koch, 1. Vorsitzender (GF)<\/p>\n<p>Martin M\u00fcller, 2.\u00a0 Vorsitzender (GF)<\/p>\n<p>Christopher Kochem, Schriftf\u00fchrer (GF)<\/p>\n<p>Andreas Elingsheuser,\u00a0 Kassierer (GF)<\/p>\n<p>J\u00fcrgen Komorowski, Mitgliederwart<\/p>\n<p>Stephan Neuh\u00e4user, 2. Kassierer<\/p>\n<p>Ernst-Herbert Sand, 2. Schriftf\u00fchrer<\/p>\n<p>Gerhard Hilbert, 1. Beisitzer<\/p>\n<p>Stefan Rohlwing, 2. Beisitzer<\/p>\n<p>&nbsp;<\/p>\n<p>&nbsp;<\/p>\n<p>&nbsp;<\/p>\n","protected":false},"excerpt":{"rendered":"<p>Gesch\u00e4ftsf\u00fchrender und erweiterter Vorstand Harald Koch, 1. Vorsitzender (GF) Martin M\u00fcller, 2.\u00a0 Vorsitzender (GF) Christopher Kochem, Schriftf\u00fchrer (GF) Andreas Elingsheuser,\u00a0 Kassierer (GF) J\u00fcrgen Komorowski, Mitgliederwart Stephan Neuh\u00e4user, 2. Kassierer Ernst-Herbert Sand, 2. Schriftf\u00fchrer Gerhard Hilbert, 1. Beisitzer Stefan Rohlwing, 2. Beisitzer &nbsp; &nbsp; &nbsp;<\/p>\n","protected":false},"author":1,"featured_media":0,"parent":0,"menu_order":0,"comment_status":"closed","ping_status":"closed","template":"","meta":{"footnotes":""},"class_list":["post-66","page","type-page","status-publish","hentry"],"_links":{"self":[{"href":"https:\/\/www.mgv-kloppenheim.de\/index.php?rest_route=\/wp\/v2\/pages\/66","targetHints":{"allow":["GET"]}}],"collection":[{"href":"https:\/\/www.mgv-kloppenheim.de\/index.php?rest_route=\/wp\/v2\/pages"}],"about":[{"href":"https:\/\/www.mgv-kloppenheim.de\/index.php?rest_route=\/wp\/v2\/types\/page"}],"author":[{"embeddable":true,"href":"https:\/\/www.mgv-kloppenheim.de\/index.php?rest_route=\/wp\/v2\/users\/1"}],"replies":[{"embeddable":true,"href":"https:\/\/www.mgv-kloppenheim.de\/index.php?rest_route=%2Fwp%2Fv2%2Fcomments&post=66"}],"version-history":[{"count":15,"href":"https:\/\/www.mgv-kloppenheim.de\/index.php?rest_route=\/wp\/v2\/pages\/66\/revisions"}],"predecessor-version":[{"id":597,"href":"https:\/\/www.mgv-kloppenheim.de\/index.php?rest_route=\/wp\/v2\/pages\/66\/revisions\/597"}],"wp:attachment":[{"href":"https:\/\/www.mgv-kloppenheim.de\/index.php?rest_route=%2Fwp%2Fv2%2Fmedia&parent=66"}],"curies":[{"name":"wp","href":"https:\/\/api.w.org\/{rel}","templated":true}]}}