{"id":72,"date":"2017-02-08T21:50:14","date_gmt":"2017-02-08T20:50:14","guid":{"rendered":"http:\/\/test.mgv-kloppenheim.de\/?page_id=72"},"modified":"2023-07-30T22:39:02","modified_gmt":"2023-07-30T20:39:02","slug":"impressum","status":"publish","type":"page","link":"https:\/\/www.mgv-kloppenheim.de\/?page_id=72","title":{"rendered":"Impressum"},"content":{"rendered":"<div class=\"csc-header csc-header-n1\">\n<ul>\n<li>Anschrift:<br \/>\nMGV 1859 Wiesbaden-Kloppenheim e.V<br \/>\nc\/o Harald Koch (1. Vorsitzender)<br \/>\nHe\u00dflocher Stra\u00dfe 24<br \/>\n65207 Wiesbaden<br \/>\nTelefon: 0611 502597<\/li>\n<\/ul>\n<ul>\n<li>E-Mail:<br \/>\n<a href=\"mailto:singen@mgv-kloppenheim.de\">singen@mgv-kloppenheim.de<\/a><\/li>\n<\/ul>\n<ul>\n<li>Internet:<br \/>\nwww.mgv-kloppenheim.de<\/li>\n<\/ul>\n<ul>\n<li>Vertretungsberechtigter Vorstand:<br \/>\nHarald Koch<br \/>\nMartin M\u00fcller<br \/>\nChristopher Kochem<br \/>\nAndreas Elingsheuser<\/li>\n<\/ul>\n<ul>\n<li>Eintrag im Vereinsregister beim Amtsgericht Wiesbaden:\u00a0Nummer 1948<\/li>\n<\/ul>\n<p><strong>Haftungshinweis<\/strong><br \/>\nDer Autor dieser Webseiten ist bestrebt, die hier angebotenen Informationen nach bestem Wissen und Gewissen vollst\u00e4ndig und richtig darzustellen und aktuell zu halten. Dennoch kann er keinerlei Haftung f\u00fcr Sch\u00e4den \u00fcbernehmen, die sich aus der Nutzung der angebotenen Informationen ergeben k\u00f6nnen &#8211; auch wenn diese auf die Nutzung von allenfalls unvollst\u00e4ndigen bzw. fehlerhaften Informationen zur\u00fcckzuf\u00fchren sind. Verweise auf fremde Webseiten liegen au\u00dferhalb des Verantwortungsbereiches des Autors. Eine Haftung f\u00fcr die Inhalte von verlinkten Seiten ist ausgeschlossen, zumal der Autor keinen Einfluss auf Inhalte wie Gestaltung von gelinkten Seiten hat. F\u00fcr Inhalte von Seiten, auf welche von Seiten dieser Homepage verwiesen wird, haftet somit allein der Anbieter dieser fremden Webseiten &#8211; niemals jedoch derjenige, der durch einen Link auf fremde Publikationen und Inhalte verweist. Sollten gelinkte Seiten (insbesondere durch Ver\u00e4nderung der Inhalte nach dem Setzen des Links) illegale, fehlerhafte, unvollst\u00e4ndige, beleidigende oder sittenwidrige Informationen beinhalten und wird der Autor dieser Seite auf derartige Inhalte von gelinkten Seiten aufmerksam (gemacht), so wird er einen Link auf derartige Seiten unverz\u00fcglich unterbinden.<\/p>\n<p><strong>Urheberrecht<\/strong><br \/>\nDer Inhalt der vom Autor selbst erstellten Inhalte dieser Seiten ist urheberrechtlich gesch\u00fctzt. Die Informationen sind nur f\u00fcr die pers\u00f6nliche Verwendung bestimmt. Jede den Bestimmungen des Urheberrechtsgesetzes widersprechende Verwendung jeglicher Inhalte dieser Webseiten &#8211; insbesondere die weitergehende Nutzung wie beispielsweise die Ver\u00f6ffentlichung, Vervielf\u00e4ltigung und jede Form von gewerblicher Nutzung sowie die Weitergabe an Dritte \u2013 auch in Teilen oder in \u00fcberarbeiteter Form \u2013 ohne ausdr\u00fcckliche Zustimmung des Autors ist untersagt.<\/p>\n<p><strong>Informationsinhalt<\/strong><br \/>\nDie Informationen dieser Webseiten k\u00f6nnen ohne vorherige Ank\u00fcndigung ge\u00e4ndert, entfernt oder erg\u00e4nzt werden. Der Autor kann daher keine Garantie f\u00fcr die Korrektheit, Vollst\u00e4ndigkeit oder Qualit\u00e4t und letzte Aktualit\u00e4t der bereitgestellten Informationen geben. Rechtswirksamkeit durch Nutzung dieser Webseiten unterliegt der Nutzer den gegenst\u00e4ndlichen Ben\u00fctzungsbedingungen. Diese sind Teil des WWW-Angebotes. Sofern Teile oder einzelne Formulierungen der Ben\u00fctzungsbedingungen der geltenden Rechtslage nicht, nicht mehr oder nicht vollst\u00e4ndig entsprechen sollten, bleiben die \u00fcbrigen Teile der Ben\u00fctzungsbedingungen in ihrem Inhalt und ihrer G\u00fcltigkeit davon unber\u00fchrt.<\/p>\n<\/div>\n","protected":false},"excerpt":{"rendered":"<p>Anschrift: MGV 1859 Wiesbaden-Kloppenheim e.V c\/o Harald Koch (1. Vorsitzender) He\u00dflocher Stra\u00dfe 24 65207 Wiesbaden Telefon: 0611 502597 E-Mail: singen@mgv-kloppenheim.de Internet: www.mgv-kloppenheim.de Vertretungsberechtigter Vorstand: Harald Koch Martin M\u00fcller Christopher Kochem Andreas Elingsheuser Eintrag im Vereinsregister beim Amtsgericht Wiesbaden:\u00a0Nummer 1948 Haftungshinweis Der Autor dieser Webseiten ist bestrebt, die hier angebotenen Informationen nach bestem Wissen und Gewissen &hellip; <\/p>\n<p class=\"link-more\"><a href=\"https:\/\/www.mgv-kloppenheim.de\/?page_id=72\" class=\"more-link\"><span class=\"screen-reader-text\">&#8222;Impressum&#8220;<\/span> weiterlesen<\/a><\/p>\n","protected":false},"author":1,"featured_media":0,"parent":0,"menu_order":0,"comment_status":"closed","ping_status":"closed","template":"","meta":{"footnotes":""},"class_list":["post-72","page","type-page","status-publish","hentry"],"_links":{"self":[{"href":"https:\/\/www.mgv-kloppenheim.de\/index.php?rest_route=\/wp\/v2\/pages\/72","targetHints":{"allow":["GET"]}}],"collection":[{"href":"https:\/\/www.mgv-kloppenheim.de\/index.php?rest_route=\/wp\/v2\/pages"}],"about":[{"href":"https:\/\/www.mgv-kloppenheim.de\/index.php?rest_route=\/wp\/v2\/types\/page"}],"author":[{"embeddable":true,"href":"https:\/\/www.mgv-kloppenheim.de\/index.php?rest_route=\/wp\/v2\/users\/1"}],"replies":[{"embeddable":true,"href":"https:\/\/www.mgv-kloppenheim.de\/index.php?rest_route=%2Fwp%2Fv2%2Fcomments&post=72"}],"version-history":[{"count":18,"href":"https:\/\/www.mgv-kloppenheim.de\/index.php?rest_route=\/wp\/v2\/pages\/72\/revisions"}],"predecessor-version":[{"id":540,"href":"https:\/\/www.mgv-kloppenheim.de\/index.php?rest_route=\/wp\/v2\/pages\/72\/revisions\/540"}],"wp:attachment":[{"href":"https:\/\/www.mgv-kloppenheim.de\/index.php?rest_route=%2Fwp%2Fv2%2Fmedia&parent=72"}],"curies":[{"name":"wp","href":"https:\/\/api.w.org\/{rel}","templated":true}]}}