{"id":77,"date":"2017-02-08T21:54:41","date_gmt":"2017-02-08T20:54:41","guid":{"rendered":"http:\/\/test.mgv-kloppenheim.de\/?page_id=77"},"modified":"2025-12-12T17:53:09","modified_gmt":"2025-12-12T16:53:09","slug":"chorleiter-hans-schlaud","status":"publish","type":"page","link":"https:\/\/www.mgv-kloppenheim.de\/?page_id=77","title":{"rendered":"Chorleiter"},"content":{"rendered":"<div id=\"comp-l9sn4mt61\" class=\"Z_l5lU ku3DBC zQ9jDz qvSjx3 Vq6kJx comp-l9sn4mt61 wixui-rich-text\" data-testid=\"richTextElement\">\n<h1><img loading=\"lazy\" decoding=\"async\" class=\"size-medium wp-image-608 alignleft\" src=\"https:\/\/www.mgv-kloppenheim.de\/wp-content\/uploads\/2025\/12\/Michael_H_Kuhn-272x300.avif\" alt=\"\" width=\"272\" height=\"300\" srcset=\"https:\/\/www.mgv-kloppenheim.de\/wp-content\/uploads\/2025\/12\/Michael_H_Kuhn-272x300.avif 272w, https:\/\/www.mgv-kloppenheim.de\/wp-content\/uploads\/2025\/12\/Michael_H_Kuhn.avif 735w\" sizes=\"auto, (max-width: 272px) 100vw, 272px\" \/><span class=\"color_42 wixui-rich-text__text\" style=\"color: #000080;\"><span class=\"wixui-rich-text__text\">Michael H. Kuhn<\/span><\/span><\/h1>\n<\/div>\n<div id=\"comp-l9sn4mta\" class=\"Z_l5lU ku3DBC zQ9jDz qvSjx3 Vq6kJx comp-l9sn4mta wixui-rich-text\" data-testid=\"richTextElement\">\n<p class=\"font_6 wixui-rich-text__text\"><span class=\"wixui-rich-text__text\" style=\"font-size: 1rem;\">&#8222;<strong>Das Beste an der Musik <\/strong><\/span><span class=\"wixui-rich-text__text\" style=\"font-size: 1rem;\"><strong>steht nicht in den Noten<\/strong>&#8222;<\/span><\/p>\n<\/div>\n<div id=\"comp-l9v9sth8\" class=\"Z_l5lU ku3DBC zQ9jDz qvSjx3 Vq6kJx comp-l9v9sth8 wixui-rich-text\" data-testid=\"richTextElement\">\n<p class=\"font_8 wixui-rich-text__text\"><span class=\"wixui-rich-text__text\">Jede neue Stimme ist herzlich willkommen, ob mit oder ohne Chorerfahrung. Der Zeitpunkt ist immer richtig um zu sehen mit wieviel Spa\u00df und Ehrgeiz der Chor und unser Chorleiter dabei sind.<\/span><\/p>\n<p class=\"font_8 wixui-rich-text__text\"><span class=\"wixui-rich-text__text\">&#8222;<strong>Schwei\u00dfperlen und Lachfalten garantiert<\/strong>&#8222;<\/span><\/p>\n<\/div>\n<p>&nbsp;<\/p>\n<div id=\"comp-l9sn4mtu\" class=\"Z_l5lU ku3DBC zQ9jDz qvSjx3 Vq6kJx comp-l9sn4mtu wixui-rich-text\" data-testid=\"richTextElement\">\n<h2 class=\"font_2 wixui-rich-text__text\"><span class=\"color_42 wixui-rich-text__text\" style=\"color: #000080;\"><span class=\"wixui-rich-text__text\">Meine Zielsetzungen als Chorleiter<\/span><\/span><\/h2>\n<\/div>\n<div id=\"comp-l9sn4mtv2\" class=\"Z_l5lU ku3DBC zQ9jDz qvSjx3 Vq6kJx comp-l9sn4mtv2 wixui-rich-text\" data-testid=\"richTextElement\">\n<p class=\"font_8 wixui-rich-text__text\"><span class=\"wixui-rich-text__text\">In meiner F\u00e4higkeit andere einzusch\u00e4tzen und zu \u00fcberzeugen sowie sachlich und klar zu argumentieren, liegt eine meiner wesentlichen St\u00e4rken.<\/span><\/p>\n<p class=\"font_8 wixui-rich-text__text\"><span class=\"wixui-rich-text__text\">Zuverl\u00e4ssigkeit und Konsequenz unterst\u00fctzen hierbei einen nachhaltigen Erfolg:<\/span><\/p>\n<p class=\"font_8 wixui-rich-text__text\"><span class=\"wixui-rich-text__text\">Erfolgreiche Chorarbeit bedeutet f\u00fcr mich somit konsequente musikalische Arbeit h\u00f6chsten Niveaus. Dies bezieht sowohl die Chormitglieder als auch die unterst\u00fctzenden Kr\u00e4fte wie Stimmbildner und Stimmbildnerinnen und die Organisationskr\u00e4fte mit ein.<\/span><\/p>\n<\/div>\n","protected":false},"excerpt":{"rendered":"<p>Michael H. Kuhn &#8222;Das Beste an der Musik steht nicht in den Noten&#8222; Jede neue Stimme ist herzlich willkommen, ob mit oder ohne Chorerfahrung. Der Zeitpunkt ist immer richtig um zu sehen mit wieviel Spa\u00df und Ehrgeiz der Chor und unser Chorleiter dabei sind. &#8222;Schwei\u00dfperlen und Lachfalten garantiert&#8222; &nbsp; Meine Zielsetzungen als Chorleiter In meiner &hellip; <\/p>\n<p class=\"link-more\"><a href=\"https:\/\/www.mgv-kloppenheim.de\/?page_id=77\" class=\"more-link\"><span class=\"screen-reader-text\">&#8222;Chorleiter&#8220;<\/span> weiterlesen<\/a><\/p>\n","protected":false},"author":1,"featured_media":0,"parent":0,"menu_order":0,"comment_status":"closed","ping_status":"closed","template":"","meta":{"footnotes":""},"class_list":["post-77","page","type-page","status-publish","hentry"],"_links":{"self":[{"href":"https:\/\/www.mgv-kloppenheim.de\/index.php?rest_route=\/wp\/v2\/pages\/77","targetHints":{"allow":["GET"]}}],"collection":[{"href":"https:\/\/www.mgv-kloppenheim.de\/index.php?rest_route=\/wp\/v2\/pages"}],"about":[{"href":"https:\/\/www.mgv-kloppenheim.de\/index.php?rest_route=\/wp\/v2\/types\/page"}],"author":[{"embeddable":true,"href":"https:\/\/www.mgv-kloppenheim.de\/index.php?rest_route=\/wp\/v2\/users\/1"}],"replies":[{"embeddable":true,"href":"https:\/\/www.mgv-kloppenheim.de\/index.php?rest_route=%2Fwp%2Fv2%2Fcomments&post=77"}],"version-history":[{"count":10,"href":"https:\/\/www.mgv-kloppenheim.de\/index.php?rest_route=\/wp\/v2\/pages\/77\/revisions"}],"predecessor-version":[{"id":611,"href":"https:\/\/www.mgv-kloppenheim.de\/index.php?rest_route=\/wp\/v2\/pages\/77\/revisions\/611"}],"wp:attachment":[{"href":"https:\/\/www.mgv-kloppenheim.de\/index.php?rest_route=%2Fwp%2Fv2%2Fmedia&parent=77"}],"curies":[{"name":"wp","href":"https:\/\/api.w.org\/{rel}","templated":true}]}}